{"id":127,"date":"2017-02-28T09:27:20","date_gmt":"2017-02-28T09:27:20","guid":{"rendered":"http:\/\/www.v31.es\/?page_id=127"},"modified":"2017-02-28T09:29:34","modified_gmt":"2017-02-28T09:29:34","slug":"impresion-offset","status":"publish","type":"page","link":"https:\/\/www.v31.es\/index.php\/impresion-offset\/","title":{"rendered":"Impresi\u00f3n Offset"},"content":{"rendered":"<p>La <b>impresi\u00f3n <i>offset<\/i><\/b> <sup id=\"cite_ref-1\" class=\"reference\"><a href=\"https:\/\/es.wikipedia.org\/wiki\/%C3%93fset#cite_note-1\">1<\/a><\/sup> u <b>\u00f3fset<\/b><sup id=\"cite_ref-2\" class=\"reference\"><a href=\"https:\/\/es.wikipedia.org\/wiki\/%C3%93fset#cite_note-2\">2<\/a><\/sup> (del <a title=\"Idioma ingl\u00e9s\" href=\"https:\/\/es.wikipedia.org\/wiki\/Idioma_ingl%C3%A9s\">ingl\u00e9s<\/a>: <i>offset printing<\/i>) es un m\u00e9todo de <a title=\"Impresi\u00f3n\" href=\"https:\/\/es.wikipedia.org\/wiki\/Impresi%C3%B3n\">impresi\u00f3n<\/a> (reproducci\u00f3n de <a title=\"Documento\" href=\"https:\/\/es.wikipedia.org\/wiki\/Documento\">documentos<\/a> e <a title=\"Imagen\" href=\"https:\/\/es.wikipedia.org\/wiki\/Imagen\">im\u00e1genes<\/a> sobre distintos soportes), que consiste en aplicar una <a title=\"Tinta\" href=\"https:\/\/es.wikipedia.org\/wiki\/Tinta\">tinta<\/a>, generalmente <a class=\"mw-redirect\" title=\"Oleosa\" href=\"https:\/\/es.wikipedia.org\/wiki\/Oleosa\">oleosa<\/a>, sobre una plancha met\u00e1lica, compuesta generalmente de una aleaci\u00f3n de <a title=\"Aluminio\" href=\"https:\/\/es.wikipedia.org\/wiki\/Aluminio\">aluminio<\/a>. Constituye un proceso similar al de la <a title=\"Litograf\u00eda\" href=\"https:\/\/es.wikipedia.org\/wiki\/Litograf%C3%ADa\">litograf\u00eda<\/a>.<\/p>\n<p>El desarrollo de la imprenta \u00f3fset se dio a trav\u00e9s de dos inventores, en distintos lugares del mundo: En <a title=\"1875\" href=\"https:\/\/es.wikipedia.org\/wiki\/1875\">1875<\/a>, por el <a title=\"Inglaterra\" href=\"https:\/\/es.wikipedia.org\/wiki\/Inglaterra\">ingl\u00e9s<\/a> Robert Barclay, quien desarroll\u00f3 una versi\u00f3n para impresi\u00f3n en metales (esta\u00f1o), en <a title=\"1903\" href=\"https:\/\/es.wikipedia.org\/wiki\/1903\">1903<\/a> por el <a class=\"mw-redirect\" title=\"Estadounidense\" href=\"https:\/\/es.wikipedia.org\/wiki\/Estadounidense\">estadounidense<\/a> Ira Washington Rubel, para la impresi\u00f3n sobre papel.<\/p>\n<p>El principio de funcionamiento es similar al de la litograf\u00eda: La plancha se moja con agua o una soluci\u00f3n <a title=\"Polaridad (qu\u00edmica)\" href=\"https:\/\/es.wikipedia.org\/wiki\/Polaridad_(qu%C3%ADmica)\">polar<\/a> para que repela la tinta en las zonas de no imagen (zona <a class=\"mw-redirect\" title=\"Hidr\u00f3fila\" href=\"https:\/\/es.wikipedia.org\/wiki\/Hidr%C3%B3fila\">hidr\u00f3fila<\/a>), para que el resto de la plancha tome la tinta en las zonas donde hay un compuesto <a title=\"Hidr\u00f3fobo\" href=\"https:\/\/es.wikipedia.org\/wiki\/Hidr%C3%B3fobo\">hidr\u00f3fobo<\/a> o <a title=\"Apolar\" href=\"https:\/\/es.wikipedia.org\/wiki\/Apolar\">apolar<\/a> (tambi\u00e9n conocido como <a title=\"Lip\u00f3filo\" href=\"https:\/\/es.wikipedia.org\/wiki\/Lip%C3%B3filo\">ole\u00f3filo<\/a>) con la forma del motivo a imprimir previamente grabado en la plancha, sea por m\u00e9todos manuales o por <a title=\"Fotograbado\" href=\"https:\/\/es.wikipedia.org\/wiki\/Fotograbado\">fotograbado<\/a>; la diferencia con la litograf\u00eda tradicional es que la imagen o el texto se trasfieren a la superficie a imprimir no de forma directa, sino a trav\u00e9s un cilindro cubierto en su superficie por un material flexible (mantilla), generalmente <a title=\"Caucho\" href=\"https:\/\/es.wikipedia.org\/wiki\/Caucho\">caucho<\/a> o <a title=\"Silicona\" href=\"https:\/\/es.wikipedia.org\/wiki\/Silicona\">silicona<\/a>, que recibe la imagen para transferirla, por presi\u00f3n, a la superficie impresa, generalmente papel.<\/p>\n<p>Es precisamente esta caracter\u00edstica la que confiere una calidad excepcional a este tipo de impresi\u00f3n, puesto que el recubrimiento de caucho del rodillo de impresi\u00f3n es capaz de impregnar, con la tinta que lleva adherida, superficies con texturas irregulares o rugosas. Todo esto debido a las propiedades el\u00e1sticas del caucho, que no presentan los rodillos met\u00e1licos.<\/p>\n","protected":false},"excerpt":{"rendered":"<p>La impresi\u00f3n offset 1 u \u00f3fset2 (del ingl\u00e9s: offset printing) es un m\u00e9todo de impresi\u00f3n (reproducci\u00f3n de documentos e im\u00e1genes sobre distintos soportes), que consiste en aplicar una tinta, generalmente oleosa, sobre una plancha met\u00e1lica, compuesta generalmente de una aleaci\u00f3n de aluminio. Constituye un proceso similar al de la litograf\u00eda. El desarrollo de la imprenta [&hellip;]<\/p>\n","protected":false},"author":1,"featured_media":128,"parent":0,"menu_order":0,"comment_status":"closed","ping_status":"closed","template":"","meta":[],"_links":{"self":[{"href":"https:\/\/www.v31.es\/index.php\/wp-json\/wp\/v2\/pages\/127"}],"collection":[{"href":"https:\/\/www.v31.es\/index.php\/wp-json\/wp\/v2\/pages"}],"about":[{"href":"https:\/\/www.v31.es\/index.php\/wp-json\/wp\/v2\/types\/page"}],"author":[{"embeddable":true,"href":"https:\/\/www.v31.es\/index.php\/wp-json\/wp\/v2\/users\/1"}],"replies":[{"embeddable":true,"href":"https:\/\/www.v31.es\/index.php\/wp-json\/wp\/v2\/comments?post=127"}],"version-history":[{"count":2,"href":"https:\/\/www.v31.es\/index.php\/wp-json\/wp\/v2\/pages\/127\/revisions"}],"predecessor-version":[{"id":130,"href":"https:\/\/www.v31.es\/index.php\/wp-json\/wp\/v2\/pages\/127\/revisions\/130"}],"wp:featuredmedia":[{"embeddable":true,"href":"https:\/\/www.v31.es\/index.php\/wp-json\/wp\/v2\/media\/128"}],"wp:attachment":[{"href":"https:\/\/www.v31.es\/index.php\/wp-json\/wp\/v2\/media?parent=127"}],"curies":[{"name":"wp","href":"https:\/\/api.w.org\/{rel}","templated":true}]}}