{"id":110,"date":"2017-02-06T12:41:07","date_gmt":"2017-02-06T12:41:07","guid":{"rendered":"http:\/\/www.v31.es\/?page_id=110"},"modified":"2017-02-28T09:25:25","modified_gmt":"2017-02-28T09:25:25","slug":"v31","status":"publish","type":"page","link":"https:\/\/www.v31.es\/","title":{"rendered":"Impresi\u00f3n Digital"},"content":{"rendered":"<p>Es una compa\u00f1\u00eda en continuo proceso de formaci\u00f3n y adaptaci\u00f3n al mercado, especializada en servicios gr\u00e1ficos. Est\u00e1 integrada en un grupo empresarial del sector de las TIC (Tecnolog\u00edas de la Informaci\u00f3n y Comunicaci\u00f3n) y las Artes Gr\u00e1ficas, formado por grandes profesionales del sector.<\/p>\n","protected":false},"excerpt":{"rendered":"<p>Es una compa\u00f1\u00eda en continuo proceso de formaci\u00f3n y adaptaci\u00f3n al mercado, especializada en servicios gr\u00e1ficos. Est\u00e1 integrada en un grupo empresarial del sector de las TIC (Tecnolog\u00edas de la Informaci\u00f3n y Comunicaci\u00f3n) y las Artes Gr\u00e1ficas, formado por grandes profesionales del sector.<\/p>\n","protected":false},"author":1,"featured_media":123,"parent":0,"menu_order":0,"comment_status":"closed","ping_status":"closed","template":"","meta":[],"_links":{"self":[{"href":"https:\/\/www.v31.es\/index.php\/wp-json\/wp\/v2\/pages\/110"}],"collection":[{"href":"https:\/\/www.v31.es\/index.php\/wp-json\/wp\/v2\/pages"}],"about":[{"href":"https:\/\/www.v31.es\/index.php\/wp-json\/wp\/v2\/types\/page"}],"author":[{"embeddable":true,"href":"https:\/\/www.v31.es\/index.php\/wp-json\/wp\/v2\/users\/1"}],"replies":[{"embeddable":true,"href":"https:\/\/www.v31.es\/index.php\/wp-json\/wp\/v2\/comments?post=110"}],"version-history":[{"count":5,"href":"https:\/\/www.v31.es\/index.php\/wp-json\/wp\/v2\/pages\/110\/revisions"}],"predecessor-version":[{"id":126,"href":"https:\/\/www.v31.es\/index.php\/wp-json\/wp\/v2\/pages\/110\/revisions\/126"}],"wp:featuredmedia":[{"embeddable":true,"href":"https:\/\/www.v31.es\/index.php\/wp-json\/wp\/v2\/media\/123"}],"wp:attachment":[{"href":"https:\/\/www.v31.es\/index.php\/wp-json\/wp\/v2\/media?parent=110"}],"curies":[{"name":"wp","href":"https:\/\/api.w.org\/{rel}","templated":true}]}}